{"id":1352,"date":"2026-05-09T17:01:47","date_gmt":"2026-05-09T20:01:47","guid":{"rendered":"https:\/\/bomprofissional.com.br\/site\/?post_type=product&#038;p=1352"},"modified":"2026-05-09T17:03:09","modified_gmt":"2026-05-09T20:03:09","slug":"jornada-ux-do-conceito-a-experiencia","status":"publish","type":"product","link":"https:\/\/bomprofissional.com.br\/site\/index.php\/produto\/jornada-ux-do-conceito-a-experiencia\/","title":{"rendered":"Jornada UX: Do conceito \u00e0 Experi\u00eancia"},"content":{"rendered":"<p style=\"text-align: justify;\">O conte\u00fado foi estruturado em uma sequ\u00eancia de aulas, pensadas para facilitar o aprendizado progressivo e aplic\u00e1vel ao dia a dia.<\/p>\n<p style=\"text-align: justify;\">Se voc\u00ea se interessa por tecnologia, design ou educa\u00e7\u00e3o, este curso \u00e9 para voc\u00ea.<\/p>\n<h3 style=\"margin-top: 25px; margin-bottom: 15px;\">Conte\u00fado Program\u00e1tico<\/h3>\n<ul style=\"text-align: justify; line-height: 1.8;\">\n<li>Fundamentos e Introdu\u00e7\u00e3o ao Design de Experi\u00eancia do Usu\u00e1rio<\/li>\n<li>Epis\u00f3dio 2 \u2014 Design Thinking<\/li>\n<li>Epis\u00f3dio 3 \u2014 Os Sete Pilares da Experi\u00eancia do Usu\u00e1rio<\/li>\n<li>Epis\u00f3dio 4 \u2014 Jornada UX: Os Pilares Fundamentais da Usabilidade Aplicada<\/li>\n<li>Epis\u00f3dio 5 \u2014 A Arte e a Pr\u00e1tica das Entrevistas em UX<\/li>\n<li>Epis\u00f3dio 6 \u2014 Metodologias de Pesquisa em UX<\/li>\n<li>Epis\u00f3dio 7 \u2014 Design de Intera\u00e7\u00e3o<\/li>\n<li>Epis\u00f3dio 8 \u2014 UX para Dispositivos M\u00f3veis<\/li>\n<\/ul>\n","protected":false},"excerpt":{"rendered":"<p style=\"text-align: justify;\">Este curso foi criado para apresentar, de forma clara e acess\u00edvel, os fundamentos do design de experi\u00eancia do usu\u00e1rio (UX), uma \u00e1rea que vai muito al\u00e9m da tecnologia \u2014 ela trata de como as pessoas se sentem ao interagir com produtos digitais.<\/p>\n<p style=\"text-align: justify;\">Ao longo desta jornada, voc\u00ea vai entender que o sucesso de um produto n\u00e3o est\u00e1 apenas em suas funcionalidades, mas na capacidade de oferecer experi\u00eancias \u00fateis, agrad\u00e1veis e intuitivas.<\/p>\n<p style=\"text-align: justify;\">A proposta deste curso \u00e9 desmistificar o UX, trazendo conceitos essenciais e boas pr\u00e1ticas de forma leve e pr\u00e1tica. Aqui, voc\u00ea vai explorar a rela\u00e7\u00e3o entre humanos e tecnologia, desenvolvendo uma vis\u00e3o mais emp\u00e1tica e estrat\u00e9gica sobre a cria\u00e7\u00e3o de produtos e servi\u00e7os digitais.<\/p>\n<p style=\"text-align: justify;\">Com foco pr\u00e1tico e alinhado \u00e0s demandas do mercado, o curso proporciona uma base s\u00f3lida para quem deseja iniciar na \u00e1rea de UX ou compreender melhor como criar experi\u00eancias digitais mais eficientes, humanas e centradas no usu\u00e1rio.<\/p>\n<p style=\"text-align: justify;\"><strong style=\"display: block; font-size: 18px; margin-bottom: 10px;\"><br \/>\nCurso Online Ass\u00edncrono \u2022 Carga Hor\u00e1ria: 40h<br \/>\n<\/strong><\/p>\n","protected":false},"featured_media":1354,"comment_status":"open","ping_status":"closed","template":"","meta":[],"product_brand":[],"product_cat":[17],"product_tag":[],"class_list":{"0":"post-1352","1":"product","2":"type-product","3":"status-publish","4":"has-post-thumbnail","6":"product_cat-tecnologia","8":"first","9":"instock","10":"featured","11":"virtual","12":"purchasable","13":"product-type-simple"},"_links":{"self":[{"href":"https:\/\/bomprofissional.com.br\/site\/index.php\/wp-json\/wp\/v2\/product\/1352","targetHints":{"allow":["GET"]}}],"collection":[{"href":"https:\/\/bomprofissional.com.br\/site\/index.php\/wp-json\/wp\/v2\/product"}],"about":[{"href":"https:\/\/bomprofissional.com.br\/site\/index.php\/wp-json\/wp\/v2\/types\/product"}],"replies":[{"embeddable":true,"href":"https:\/\/bomprofissional.com.br\/site\/index.php\/wp-json\/wp\/v2\/comments?post=1352"}],"version-history":[{"count":1,"href":"https:\/\/bomprofissional.com.br\/site\/index.php\/wp-json\/wp\/v2\/product\/1352\/revisions"}],"predecessor-version":[{"id":1355,"href":"https:\/\/bomprofissional.com.br\/site\/index.php\/wp-json\/wp\/v2\/product\/1352\/revisions\/1355"}],"wp:featuredmedia":[{"embeddable":true,"href":"https:\/\/bomprofissional.com.br\/site\/index.php\/wp-json\/wp\/v2\/media\/1354"}],"wp:attachment":[{"href":"https:\/\/bomprofissional.com.br\/site\/index.php\/wp-json\/wp\/v2\/media?parent=1352"}],"wp:term":[{"taxonomy":"product_brand","embeddable":true,"href":"https:\/\/bomprofissional.com.br\/site\/index.php\/wp-json\/wp\/v2\/product_brand?post=1352"},{"taxonomy":"product_cat","embeddable":true,"href":"https:\/\/bomprofissional.com.br\/site\/index.php\/wp-json\/wp\/v2\/product_cat?post=1352"},{"taxonomy":"product_tag","embeddable":true,"href":"https:\/\/bomprofissional.com.br\/site\/index.php\/wp-json\/wp\/v2\/product_tag?post=1352"}],"curies":[{"name":"wp","href":"https:\/\/api.w.org\/{rel}","templated":true}]}}