{"id":334,"date":"2023-01-09T12:24:54","date_gmt":"2023-01-09T15:24:54","guid":{"rendered":"http:\/\/bomprofissional.com.br\/site\/?post_type=product&#038;p=334"},"modified":"2026-01-13T17:34:51","modified_gmt":"2026-01-13T20:34:51","slug":"linux-basico","status":"publish","type":"product","link":"https:\/\/bomprofissional.com.br\/site\/index.php\/produto\/linux-basico\/","title":{"rendered":"Linux B\u00e1sico"},"content":{"rendered":"<p><strong>OBJETIVO<\/strong><\/p>\n<p>O objetivo do curso \u00e9 possibilitar uma vis\u00e3o introdut\u00f3ria \u00e0 utiliza\u00e7\u00e3o de comandos na utiliza\u00e7\u00e3o do sistema operacional Linux. A distribui\u00e7\u00e3o Ubuntu \u00e9 a adotada por ser de f\u00e1cil utiliza\u00e7\u00e3o para usu\u00e1rios iniciantes. O publico ideal para fazer este curso s\u00e3o pessoas que tenham facilidades com inform\u00e1tica, sejam perspicazes em pesquisar na internet e que desejam atuar com opera\u00e7\u00e3o de sistemas operacionais Linux.<\/p>\n<p><strong>CONTE\u00daDO PROGRAM\u00c1TICO<\/strong><\/p>\n<p>1. Introdu\u00e7\u00e3o<br \/>\n1.1. O que \u00e9 Linux?<br \/>\n1.2. Como surgiu o Guinu\/Linux<br \/>\n1.3. Software Livre e Licen\u00e7a GPL<br \/>\n2. Distribui\u00e7\u00f5es<br \/>\n2.1. Debian<br \/>\n2.2. Red Hat Entreprise Linux<br \/>\n2.3. Slackware<br \/>\n2.4. Ubuntu<br \/>\n3. Instalando Ubuntu<br \/>\n3.1. Ambiente Gr\u00e1fico<br \/>\n3.2. X Window System<br \/>\n3.3. Ambiente Desktop<br \/>\n3.3.1. Desempenhando tarefas<br \/>\n3.3.2. Acessando a internet<br \/>\n3.3.3. Editando um documento num processador de texto<br \/>\n3.3.4. Instalando programas<br \/>\n4. Aplicativos<br \/>\n5. Diret\u00f3rios e arquivos<br \/>\n5.1. Vis\u00e3o geral da organiza\u00e7\u00e3o dos arquivos no Linux<br \/>\n5.1.1. Diret\u00f3rio root \u2013 \/ e demais diret\u00f3rios<br \/>\n5.2. Caminho absoluto X Caminho relativo<br \/>\n5.3. Permiss\u00f5es de acesso<br \/>\n5.3.1. Donos, grupos, outros<br \/>\n5.3.2. Tipos de permiss\u00f5es<br \/>\n6. Modo texto<br \/>\n6.1. Shell<br \/>\n6.2. BASH<br \/>\n6.3. Comandos<br \/>\n6.3.1. Prompt<br \/>\n6.3.2. Sintaxe dos comandos<br \/>\n7. Pipe e redirecionamento<br \/>\n8. Instalando programas pela linha de comando<br \/>\n9. Comandos e op\u00e7\u00f5es<\/p>\n","protected":false},"excerpt":{"rendered":"<p>Este curso destina-se \u00e0 pessoas que queiram atuar com SO LINUX e queira conhecer um pouco sobre o sistema operacional GNU\/Linux. Neste curso, ap\u00f3s concluir a leitura e pr\u00e1tica de todo o conte\u00fado proposto, esperamos que voc\u00ea seja capaz de instalar e utilizar com um certo conforto o ambiente GNU\/Linux.<\/p>\n","protected":false},"featured_media":1108,"comment_status":"open","ping_status":"closed","template":"","meta":[],"product_brand":[],"product_cat":[17],"product_tag":[],"class_list":{"0":"post-334","1":"product","2":"type-product","3":"status-publish","4":"has-post-thumbnail","6":"product_cat-tecnologia","8":"first","9":"instock","10":"downloadable","11":"virtual","12":"purchasable","13":"product-type-simple"},"_links":{"self":[{"href":"https:\/\/bomprofissional.com.br\/site\/index.php\/wp-json\/wp\/v2\/product\/334","targetHints":{"allow":["GET"]}}],"collection":[{"href":"https:\/\/bomprofissional.com.br\/site\/index.php\/wp-json\/wp\/v2\/product"}],"about":[{"href":"https:\/\/bomprofissional.com.br\/site\/index.php\/wp-json\/wp\/v2\/types\/product"}],"replies":[{"embeddable":true,"href":"https:\/\/bomprofissional.com.br\/site\/index.php\/wp-json\/wp\/v2\/comments?post=334"}],"version-history":[{"count":1,"href":"https:\/\/bomprofissional.com.br\/site\/index.php\/wp-json\/wp\/v2\/product\/334\/revisions"}],"predecessor-version":[{"id":499,"href":"https:\/\/bomprofissional.com.br\/site\/index.php\/wp-json\/wp\/v2\/product\/334\/revisions\/499"}],"wp:featuredmedia":[{"embeddable":true,"href":"https:\/\/bomprofissional.com.br\/site\/index.php\/wp-json\/wp\/v2\/media\/1108"}],"wp:attachment":[{"href":"https:\/\/bomprofissional.com.br\/site\/index.php\/wp-json\/wp\/v2\/media?parent=334"}],"wp:term":[{"taxonomy":"product_brand","embeddable":true,"href":"https:\/\/bomprofissional.com.br\/site\/index.php\/wp-json\/wp\/v2\/product_brand?post=334"},{"taxonomy":"product_cat","embeddable":true,"href":"https:\/\/bomprofissional.com.br\/site\/index.php\/wp-json\/wp\/v2\/product_cat?post=334"},{"taxonomy":"product_tag","embeddable":true,"href":"https:\/\/bomprofissional.com.br\/site\/index.php\/wp-json\/wp\/v2\/product_tag?post=334"}],"curies":[{"name":"wp","href":"https:\/\/api.w.org\/{rel}","templated":true}]}}